{"id":140,"date":"2025-05-08T18:08:45","date_gmt":"2025-05-08T18:08:45","guid":{"rendered":"https:\/\/upperenglish.com\/?page_id=140"},"modified":"2025-05-08T18:28:06","modified_gmt":"2025-05-08T18:28:06","slug":"franquicias","status":"publish","type":"page","link":"https:\/\/upperenglish.com\/?page_id=140","title":{"rendered":"Franquicias"},"content":{"rendered":"\t\t<div data-elementor-type=\"wp-page\" data-elementor-id=\"140\" class=\"elementor elementor-140\" data-elementor-post-type=\"page\">\n\t\t\t\t<div class=\"elementor-element elementor-element-9e41f12 e-flex e-con-boxed e-con e-parent\" data-id=\"9e41f12\" data-element_type=\"container\" data-settings=\"{&quot;background_background&quot;:&quot;classic&quot;}\">\n\t\t\t\t\t<div class=\"e-con-inner\">\n\t\t\t\t<div class=\"elementor-element elementor-element-23c9fda elementor-widget elementor-widget-image\" data-id=\"23c9fda\" data-element_type=\"widget\" data-widget_type=\"image.default\">\n\t\t\t\t<div class=\"elementor-widget-container\">\n\t\t\t\t\t\t\t\t\t\t\t\t\t\t\t\t<a href=\"\/\">\n\t\t\t\t\t\t\t<img fetchpriority=\"high\" decoding=\"async\" width=\"512\" height=\"512\" src=\"https:\/\/upperenglish.com\/wp-content\/uploads\/2025\/02\/cropped-Upper-English-1-Photoroom.png\" class=\"attachment-large size-large wp-image-108\" alt=\"\" srcset=\"https:\/\/upperenglish.com\/wp-content\/uploads\/2025\/02\/cropped-Upper-English-1-Photoroom.png 512w, https:\/\/upperenglish.com\/wp-content\/uploads\/2025\/02\/cropped-Upper-English-1-Photoroom-300x300.png 300w, https:\/\/upperenglish.com\/wp-content\/uploads\/2025\/02\/cropped-Upper-English-1-Photoroom-150x150.png 150w, https:\/\/upperenglish.com\/wp-content\/uploads\/2025\/02\/cropped-Upper-English-1-Photoroom-270x270.png 270w, https:\/\/upperenglish.com\/wp-content\/uploads\/2025\/02\/cropped-Upper-English-1-Photoroom-192x192.png 192w, https:\/\/upperenglish.com\/wp-content\/uploads\/2025\/02\/cropped-Upper-English-1-Photoroom-180x180.png 180w, https:\/\/upperenglish.com\/wp-content\/uploads\/2025\/02\/cropped-Upper-English-1-Photoroom-32x32.png 32w\" sizes=\"(max-width: 512px) 100vw, 512px\" \/>\t\t\t\t\t\t\t\t<\/a>\n\t\t\t\t\t\t\t\t\t\t\t\t\t\t\t<\/div>\n\t\t\t\t<\/div>\n\t\t\t\t\t<\/div>\n\t\t\t\t<\/div>\n\t\t<div class=\"elementor-element elementor-element-2947475 e-flex e-con-boxed e-con e-parent\" data-id=\"2947475\" data-element_type=\"container\">\n\t\t\t\t\t<div class=\"e-con-inner\">\n\t\t<div class=\"elementor-element elementor-element-6856ae4 e-con-full e-flex e-con e-child\" data-id=\"6856ae4\" data-element_type=\"container\">\n\t\t\t\t<div class=\"elementor-element elementor-element-d4c83d2 elementor-widget elementor-widget-heading\" data-id=\"d4c83d2\" data-element_type=\"widget\" data-widget_type=\"heading.default\">\n\t\t\t\t<div class=\"elementor-widget-container\">\n\t\t\t\t\t<h2 class=\"elementor-heading-title elementor-size-default\">\u00danete a Upper English: S\u00e9 Due\u00f1o de Tu Propia Academia de Ingl\u00e9s<\/h2>\t\t\t\t<\/div>\n\t\t\t\t<\/div>\n\t\t\t\t<div class=\"elementor-element elementor-element-e30d9cb elementor-widget elementor-widget-text-editor\" data-id=\"e30d9cb\" data-element_type=\"widget\" data-widget_type=\"text-editor.default\">\n\t\t\t\t<div class=\"elementor-widget-container\">\n\t\t\t\t\t\t\t\t\t<p class=\"\" data-start=\"352\" data-end=\"519\">\u00bfTe apasiona la educaci\u00f3n y el emprendimiento? Upper English te ofrece la oportunidad de abrir tu propia academia de ingl\u00e9s con un modelo de negocio probado y exitoso.<\/p>\t\t\t\t\t\t\t\t<\/div>\n\t\t\t\t<\/div>\n\t\t\t\t<div class=\"elementor-element elementor-element-4155575 elementor-widget elementor-widget-heading\" data-id=\"4155575\" data-element_type=\"widget\" data-widget_type=\"heading.default\">\n\t\t\t\t<div class=\"elementor-widget-container\">\n\t\t\t\t\t<h2 class=\"elementor-heading-title elementor-size-default\">\u00bfPor Qu\u00e9 Elegir Upper English?<\/h2>\t\t\t\t<\/div>\n\t\t\t\t<\/div>\n\t\t\t\t<div class=\"elementor-element elementor-element-8ddcbf7 elementor-mobile-align-left elementor-icon-list--layout-traditional elementor-list-item-link-full_width elementor-widget elementor-widget-icon-list\" data-id=\"8ddcbf7\" data-element_type=\"widget\" data-widget_type=\"icon-list.default\">\n\t\t\t\t<div class=\"elementor-widget-container\">\n\t\t\t\t\t\t\t<ul class=\"elementor-icon-list-items\">\n\t\t\t\t\t\t\t<li class=\"elementor-icon-list-item\">\n\t\t\t\t\t\t\t\t\t\t\t<span class=\"elementor-icon-list-icon\">\n\t\t\t\t\t\t\t<svg aria-hidden=\"true\" class=\"e-font-icon-svg e-fas-circle\" viewBox=\"0 0 512 512\" xmlns=\"http:\/\/www.w3.org\/2000\/svg\"><path d=\"M256 8C119 8 8 119 8 256s111 248 248 248 248-111 248-248S393 8 256 8z\"><\/path><\/svg>\t\t\t\t\t\t<\/span>\n\t\t\t\t\t\t\t\t\t\t<span class=\"elementor-icon-list-text\"> <strong>Metodolog\u00eda Innovadora: <\/strong> Nuestro enfoque combina escucha, observaci\u00f3n y repetici\u00f3n, facilitando un aprendizaje natural y efectivo.<\/span>\n\t\t\t\t\t\t\t\t\t<\/li>\n\t\t\t\t\t\t\t\t<li class=\"elementor-icon-list-item\">\n\t\t\t\t\t\t\t\t\t\t\t<span class=\"elementor-icon-list-icon\">\n\t\t\t\t\t\t\t<svg aria-hidden=\"true\" class=\"e-font-icon-svg e-fas-circle\" viewBox=\"0 0 512 512\" xmlns=\"http:\/\/www.w3.org\/2000\/svg\"><path d=\"M256 8C119 8 8 119 8 256s111 248 248 248 248-111 248-248S393 8 256 8z\"><\/path><\/svg>\t\t\t\t\t\t<\/span>\n\t\t\t\t\t\t\t\t\t\t<span class=\"elementor-icon-list-text\"><strong>Actividades Din\u00e1micas:<\/strong>Clases pr\u00e1cticas que incluyen c\u00edrculos de conversaci\u00f3n, din\u00e1micas grupales y material audiovisual interactivo.<\/span>\n\t\t\t\t\t\t\t\t\t<\/li>\n\t\t\t\t\t\t\t\t<li class=\"elementor-icon-list-item\">\n\t\t\t\t\t\t\t\t\t\t\t<span class=\"elementor-icon-list-icon\">\n\t\t\t\t\t\t\t<svg aria-hidden=\"true\" class=\"e-font-icon-svg e-fas-circle\" viewBox=\"0 0 512 512\" xmlns=\"http:\/\/www.w3.org\/2000\/svg\"><path d=\"M256 8C119 8 8 119 8 256s111 248 248 248 248-111 248-248S393 8 256 8z\"><\/path><\/svg>\t\t\t\t\t\t<\/span>\n\t\t\t\t\t\t\t\t\t\t<span class=\"elementor-icon-list-text\"><strong> Horarios Flexibles: <\/strong>Adaptamos nuestras clases a las necesidades de los estudiantes, ofreciendo opciones desde las 7:00 a.m. hasta las 9:00 p.m.<\/span>\n\t\t\t\t\t\t\t\t\t<\/li>\n\t\t\t\t\t\t\t\t<li class=\"elementor-icon-list-item\">\n\t\t\t\t\t\t\t\t\t\t\t<span class=\"elementor-icon-list-icon\">\n\t\t\t\t\t\t\t<svg aria-hidden=\"true\" class=\"e-font-icon-svg e-fas-circle\" viewBox=\"0 0 512 512\" xmlns=\"http:\/\/www.w3.org\/2000\/svg\"><path d=\"M256 8C119 8 8 119 8 256s111 248 248 248 248-111 248-248S393 8 256 8z\"><\/path><\/svg>\t\t\t\t\t\t<\/span>\n\t\t\t\t\t\t\t\t\t\t<span class=\"elementor-icon-list-text\"><strong>Resultados Garantizados<\/strong>Con un compromiso m\u00ednimo de 3 horas semanales, garantizamos avances significativos en un a\u00f1o o devolvemos el dinero<\/span>\n\t\t\t\t\t\t\t\t\t<\/li>\n\t\t\t\t\t\t<\/ul>\n\t\t\t\t\t\t<\/div>\n\t\t\t\t<\/div>\n\t\t\t\t<div class=\"elementor-element elementor-element-894a77c elementor-hidden-tablet elementor-hidden-mobile elementor-widget elementor-widget-image\" data-id=\"894a77c\" data-element_type=\"widget\" data-widget_type=\"image.default\">\n\t\t\t\t<div class=\"elementor-widget-container\">\n\t\t\t\t\t\t\t\t\t\t\t\t\t\t\t<img decoding=\"async\" width=\"800\" height=\"531\" src=\"https:\/\/upperenglish.com\/wp-content\/uploads\/2025\/05\/1289.jpg\" class=\"attachment-large size-large wp-image-151\" alt=\"\" srcset=\"https:\/\/upperenglish.com\/wp-content\/uploads\/2025\/05\/1289.jpg 1000w, https:\/\/upperenglish.com\/wp-content\/uploads\/2025\/05\/1289-300x199.jpg 300w, https:\/\/upperenglish.com\/wp-content\/uploads\/2025\/05\/1289-768x510.jpg 768w\" sizes=\"(max-width: 800px) 100vw, 800px\" \/>\t\t\t\t\t\t\t\t\t\t\t\t\t\t\t<\/div>\n\t\t\t\t<\/div>\n\t\t\t\t<\/div>\n\t\t<div class=\"elementor-element elementor-element-6da816d e-con-full e-flex e-con e-child\" data-id=\"6da816d\" data-element_type=\"container\">\n\t\t\t\t<div class=\"elementor-element elementor-element-7081732 elementor-widget elementor-widget-image\" data-id=\"7081732\" data-element_type=\"widget\" data-widget_type=\"image.default\">\n\t\t\t\t<div class=\"elementor-widget-container\">\n\t\t\t\t\t\t\t\t\t\t\t\t\t\t\t<img decoding=\"async\" width=\"444\" height=\"500\" src=\"https:\/\/upperenglish.com\/wp-content\/uploads\/2025\/04\/up.png\" class=\"attachment-large size-large wp-image-121\" alt=\"\" srcset=\"https:\/\/upperenglish.com\/wp-content\/uploads\/2025\/04\/up.png 444w, https:\/\/upperenglish.com\/wp-content\/uploads\/2025\/04\/up-266x300.png 266w\" sizes=\"(max-width: 444px) 100vw, 444px\" \/>\t\t\t\t\t\t\t\t\t\t\t\t\t\t\t<\/div>\n\t\t\t\t<\/div>\n\t\t\t\t<div class=\"elementor-element elementor-element-fcb1a5c elementor-widget elementor-widget-heading\" data-id=\"fcb1a5c\" data-element_type=\"widget\" data-widget_type=\"heading.default\">\n\t\t\t\t<div class=\"elementor-widget-container\">\n\t\t\t\t\t<h2 class=\"elementor-heading-title elementor-size-default\">Invierte en Educaci\u00f3n con Impacto<\/h2>\t\t\t\t<\/div>\n\t\t\t\t<\/div>\n\t\t\t\t<div class=\"elementor-element elementor-element-b40a1c0 elementor-widget elementor-widget-heading\" data-id=\"b40a1c0\" data-element_type=\"widget\" data-widget_type=\"heading.default\">\n\t\t\t\t<div class=\"elementor-widget-container\">\n\t\t\t\t\t<h2 class=\"elementor-heading-title elementor-size-default\">Convi\u00e9rtete en franquiciado de Upper English\n<\/h2>\t\t\t\t<\/div>\n\t\t\t\t<\/div>\n\t\t\t\t<div class=\"elementor-element elementor-element-5358f9b elementor-widget elementor-widget-text-editor\" data-id=\"5358f9b\" data-element_type=\"widget\" data-widget_type=\"text-editor.default\">\n\t\t\t\t<div class=\"elementor-widget-container\">\n\t\t\t\t\t\t\t\t\t<p class=\"\" data-start=\"79\" data-end=\"660\">\u00bfBuscas una oportunidad rentable con prop\u00f3sito? Upper English te ofrece un modelo de franquicia educativo probado, rentable y respaldado por m\u00e1s de 20 a\u00f1os de experiencia en la ense\u00f1anza del ingl\u00e9s.<\/p>\t\t\t\t\t\t\t\t<\/div>\n\t\t\t\t<\/div>\n\t\t\t\t<div class=\"elementor-element elementor-element-ad24d40 elementor-align-left elementor-mobile-align-justify elementor-widget elementor-widget-button\" data-id=\"ad24d40\" data-element_type=\"widget\" data-widget_type=\"button.default\">\n\t\t\t\t<div class=\"elementor-widget-container\">\n\t\t\t\t\t\t\t\t\t<div class=\"elementor-button-wrapper\">\n\t\t\t\t\t<a class=\"elementor-button elementor-button-link elementor-size-sm\" href=\"https:\/\/wa.link\/ewpuu5\">\n\t\t\t\t\t\t<span class=\"elementor-button-content-wrapper\">\n\t\t\t\t\t\t\t\t\t<span class=\"elementor-button-text\">Solicita Informes<\/span>\n\t\t\t\t\t<\/span>\n\t\t\t\t\t<\/a>\n\t\t\t\t<\/div>\n\t\t\t\t\t\t\t\t<\/div>\n\t\t\t\t<\/div>\n\t\t\t\t<\/div>\n\t\t\t\t\t<\/div>\n\t\t\t\t<\/div>\n\t\t<div class=\"elementor-element elementor-element-d6a3078 e-flex e-con-boxed e-con e-parent\" data-id=\"d6a3078\" data-element_type=\"container\">\n\t\t\t\t\t<div class=\"e-con-inner\">\n\t\t<div class=\"elementor-element elementor-element-1841da2 e-con-full e-flex e-con e-child\" data-id=\"1841da2\" data-element_type=\"container\">\n\t\t<div class=\"elementor-element elementor-element-d680562 e-con-full e-flex e-con e-child\" data-id=\"d680562\" data-element_type=\"container\" data-settings=\"{&quot;background_background&quot;:&quot;classic&quot;}\">\n\t\t\t\t<div class=\"elementor-element elementor-element-d462023 elementor-view-default elementor-position-top elementor-mobile-position-top elementor-widget elementor-widget-icon-box\" data-id=\"d462023\" data-element_type=\"widget\" data-widget_type=\"icon-box.default\">\n\t\t\t\t<div class=\"elementor-widget-container\">\n\t\t\t\t\t\t\t<div class=\"elementor-icon-box-wrapper\">\n\n\t\t\t\t\t\t<div class=\"elementor-icon-box-icon\">\n\t\t\t\t<span  class=\"elementor-icon\">\n\t\t\t\t<svg xmlns=\"http:\/\/www.w3.org\/2000\/svg\" id=\"Layer_1\" viewBox=\"0 0 512 512\"><g><path d=\"m106.822 256.139h-23.179c-9.019 0-16.347 7.311-16.347 16.347v57.374c0 39.845 32.422 72.252 72.268 72.252 34.929 0 63.36-28.415 63.36-63.344 0-9.035-7.327-16.347-16.347-16.347-9.035 0-16.347 7.311-16.347 16.347 0 16.89-13.761 30.65-30.666 30.65-21.822 0-39.574-17.752-39.574-39.558v-41.027h6.832c27.17 0 49.264-22.094 49.264-49.264s-22.094-49.296-49.264-49.296c0 0-4.869.383-4.789 0 4.438-23.211 23.068-43.421 46.263-48.466 18.614-3.895 36.844.319 51.307 12.037 14.367 11.654 22.605 28.926 22.605 47.38 0 9.035 7.311 16.347 16.347 16.347s16.347-7.311 16.347-16.347c0-28.383-12.643-54.883-34.721-72.762-21.95-17.815-50.621-24.648-78.765-18.614-35.902 7.822-64.621 37.195-71.469 72.986-1.165 5.843-1.82 13.952-2.107 23.275-.144 4.438 1.517 8.716 4.598 11.877 3.065 3.193 7.311 4.981 11.733 4.981h22.652c9.291 0 16.57 7.279 16.57 16.602-.001 9.29-7.28 16.57-16.571 16.57z\"><\/path><path d=\"m471.273 238.483h-150.937c6.88-18.614 10.68-38.393 10.68-58.523 0-50.892-22.732-98.496-62.354-130.583-39.654-32.119-91.536-44.347-142.364-33.524-64.478 13.474-116.104 66.25-128.444 131.286-1.692 8.876 4.135 17.432 12.994 19.124 8.94 1.66 17.432-4.151 19.124-13.026 9.898-52.201 51.308-94.569 103.062-105.392 41.154-8.844 83.107 1.022 115.034 26.915 31.943 25.861 50.254 64.206 50.254 105.201 0 20.441-4.805 40.404-13.473 58.523h-12.994c-23.802 0-43.166 19.38-43.166 43.166v102.327c0 4.777 1.054 9.371 2.538 13.765-10.76 32.646-38.904 58.623-73.209 66.724-32.279 7.375-63.679.639-88.423-19.061-24.999-19.891-39.335-50.158-39.335-83.011 0-9.035-7.327-16.347-16.347-16.347-9.035 0-16.347 7.311-16.347 16.347 0 42.847 18.837 82.436 51.674 108.585 23.883 19.028 53.304 29.021 83.906 29.021 10.68 0 21.503-1.213 32.295-3.704 39.67-9.355 73.05-36.908 90.402-72.631 5.045 2.023 10.376 3.444 16.012 3.444h83.41l63.839 60.183c4.119 3.736 9.387 5.683 14.719 5.683 2.969 0 5.97-.607 8.812-1.852 7.87-3.512 12.963-11.302 12.963-19.859v-44.154h15.676c23.818 0 43.166-19.348 43.166-43.134v-102.327c-.001-23.786-19.349-43.166-43.167-43.166zm10.472 145.493c0 5.843-4.598 10.44-10.472 10.44h-32.023c-9.035 0-16.347 7.311-16.347 16.347v35.184l-49.934-47.093c-3.033-2.842-7.056-4.438-11.207-4.438h-89.908c-3.783 0-7.216-1.948-9.115-5.332-.878-1.501-1.357-3.257-1.357-5.108v-102.327c0-5.683 4.789-10.472 10.472-10.472h199.418c5.683 0 10.472 4.789 10.472 10.472v102.327z\"><\/path><path d=\"m338.87 320.217h-32.694c-9.019 0-16.347 7.311-16.347 16.347 0 9.035 7.327 16.347 16.347 16.347h32.694c9.035 0 16.347-7.311 16.347-16.347s-7.312-16.347-16.347-16.347z\"><\/path><path d=\"m436.951 320.217h-32.694c-9.02 0-16.347 7.311-16.347 16.347 0 9.035 7.327 16.347 16.347 16.347h32.694c9.035 0 16.347-7.311 16.347-16.347s-7.312-16.347-16.347-16.347z\"><\/path><\/g><\/svg>\t\t\t\t<\/span>\n\t\t\t<\/div>\n\t\t\t\n\t\t\t\t\t\t<div class=\"elementor-icon-box-content\">\n\n\t\t\t\t\t\t\t\t\t<h3 class=\"elementor-icon-box-title\">\n\t\t\t\t\t\t<span  >\n\t\t\t\t\t\t\tAcompa\u00f1amiento Total\t\t\t\t\t\t<\/span>\n\t\t\t\t\t<\/h3>\n\t\t\t\t\n\t\t\t\t\t\t\t\t\t<p class=\"elementor-icon-box-description\">\n\t\t\t\t\t\tRecibe soporte integral desde el primer d\u00eda. Te guiamos en la selecci\u00f3n del local, el montaje de la operaci\u00f3n y la capacitaci\u00f3n de tu equipo, asegurando una puesta en marcha eficiente y profesional.\t\t\t\t\t<\/p>\n\t\t\t\t\n\t\t\t<\/div>\n\t\t\t\n\t\t<\/div>\n\t\t\t\t\t\t<\/div>\n\t\t\t\t<\/div>\n\t\t\t\t<\/div>\n\t\t<div class=\"elementor-element elementor-element-9615d32 e-con-full e-flex e-con e-child\" data-id=\"9615d32\" data-element_type=\"container\" data-settings=\"{&quot;background_background&quot;:&quot;classic&quot;}\">\n\t\t\t\t<div class=\"elementor-element elementor-element-a3b1e5c elementor-view-default elementor-position-top elementor-mobile-position-top elementor-widget elementor-widget-icon-box\" data-id=\"a3b1e5c\" data-element_type=\"widget\" data-widget_type=\"icon-box.default\">\n\t\t\t\t<div class=\"elementor-widget-container\">\n\t\t\t\t\t\t\t<div class=\"elementor-icon-box-wrapper\">\n\n\t\t\t\t\t\t<div class=\"elementor-icon-box-icon\">\n\t\t\t\t<span  class=\"elementor-icon\">\n\t\t\t\t<svg xmlns=\"http:\/\/www.w3.org\/2000\/svg\" id=\"Layer_1\" data-name=\"Layer 1\" viewBox=\"0 0 24 24\"><path d=\"m8,16c0,.828-.672,1.5-1.5,1.5s-1.5-.672-1.5-1.5.672-1.5,1.5-1.5,1.5.672,1.5,1.5Zm-1.5-11.5c-.828,0-1.5.672-1.5,1.5s.672,1.5,1.5,1.5,1.5-.672,1.5-1.5-.672-1.5-1.5-1.5Zm0,5c-.828,0-1.5.672-1.5,1.5s.672,1.5,1.5,1.5,1.5-.672,1.5-1.5-.672-1.5-1.5-1.5ZM19,0H5C2.243,0,0,2.243,0,5v13c0,2.757,2.243,5,5,5h3c.552,0,1-.447,1-1s-.448-1-1-1h-3c-1.654,0-3-1.346-3-3V5c0-1.654,1.346-3,3-3h14c1.654,0,3,1.346,3,3v9c0,.553.448,1,1,1s1-.447,1-1V5c0-2.757-2.243-5-5-5Zm-8,7h7c.552,0,1-.448,1-1s-.448-1-1-1h-7c-.552,0-1,.448-1,1s.448,1,1,1Zm0,5h7c.552,0,1-.448,1-1s-.448-1-1-1h-7c-.552,0-1,.448-1,1s.448,1,1,1Zm12.705,6.549c.391.578.391,1.324,0,1.902-.896,1.325-2.959,3.549-6.705,3.549s-5.809-2.224-6.706-3.549c-.391-.579-.391-1.325,0-1.902.896-1.325,2.958-3.549,6.705-3.549s5.809,2.224,6.705,3.549Zm-1.775.951c-.73-1.006-2.263-2.5-4.93-2.5s-4.201,1.495-4.93,2.5c.729,1.006,2.263,2.5,4.93,2.5s4.2-1.494,4.93-2.5Zm-4.93-1.5c-.828,0-1.5.672-1.5,1.5s.672,1.5,1.5,1.5,1.5-.672,1.5-1.5-.672-1.5-1.5-1.5Z\"><\/path><\/svg>\t\t\t\t<\/span>\n\t\t\t<\/div>\n\t\t\t\n\t\t\t\t\t\t<div class=\"elementor-icon-box-content\">\n\n\t\t\t\t\t\t\t\t\t<h3 class=\"elementor-icon-box-title\">\n\t\t\t\t\t\t<span  >\n\t\t\t\t\t\t\tRecursos Exclusivos\t\t\t\t\t\t<\/span>\n\t\t\t\t\t<\/h3>\n\t\t\t\t\n\t\t\t\t\t\t\t\t\t<p class=\"elementor-icon-box-description\">\n\t\t\t\t\t\tAccede a material did\u00e1ctico propio, plataformas digitales innovadoras y metodolog\u00edas de ense\u00f1anza efectivas que han formado a m\u00e1s de 1,500 estudiantes.\t\t\t\t\t<\/p>\n\t\t\t\t\n\t\t\t<\/div>\n\t\t\t\n\t\t<\/div>\n\t\t\t\t\t\t<\/div>\n\t\t\t\t<\/div>\n\t\t\t\t<\/div>\n\t\t<div class=\"elementor-element elementor-element-aafb073 e-con-full e-flex e-con e-child\" data-id=\"aafb073\" data-element_type=\"container\" data-settings=\"{&quot;background_background&quot;:&quot;classic&quot;}\">\n\t\t\t\t<div class=\"elementor-element elementor-element-6b9124c elementor-view-default elementor-position-top elementor-mobile-position-top elementor-widget elementor-widget-icon-box\" data-id=\"6b9124c\" data-element_type=\"widget\" data-widget_type=\"icon-box.default\">\n\t\t\t\t<div class=\"elementor-widget-container\">\n\t\t\t\t\t\t\t<div class=\"elementor-icon-box-wrapper\">\n\n\t\t\t\t\t\t<div class=\"elementor-icon-box-icon\">\n\t\t\t\t<span  class=\"elementor-icon\">\n\t\t\t\t<svg xmlns=\"http:\/\/www.w3.org\/2000\/svg\" id=\"Export_Solid\" viewBox=\"0 0 500 500\"><path d=\"m363.5 79.1c-25.5-20.1-50.7-34.7-51.8-35.3-18.2-10.5-41.4-4.3-51.9 13.9-7.7 13.4 10.9 41.1 29.1 60.7h-40.2c-123.5 0-180.7 91.4-180.7 180.8s91.4 162.1 180.8 162.1h41.6c18.7 0 33.9-15.2 33.9-33.9s-15.2-33.9-33.9-33.9h-41.6c-52.1 0-85.9-42.3-85.9-94.4s33.9-75.8 85.9-75.8h39c-16.6 15.1-32.9 33.1-32.9 42.3 0 6.4 1.6 13 5.1 18.9 10.5 18.2 33.7 24.4 51.9 13.9 1.1-.6 26.3-15.2 51.8-35.3 42.1-33.2 68.5-62.4 68.5-92-.2-29.5-26.6-58.8-68.7-92z\"><\/path><\/svg>\t\t\t\t<\/span>\n\t\t\t<\/div>\n\t\t\t\n\t\t\t\t\t\t<div class=\"elementor-icon-box-content\">\n\n\t\t\t\t\t\t\t\t\t<h3 class=\"elementor-icon-box-title\">\n\t\t\t\t\t\t<span  >\n\t\t\t\t\t\t\tMarketing y Crecimiento\t\t\t\t\t\t<\/span>\n\t\t\t\t\t<\/h3>\n\t\t\t\t\n\t\t\t\t\t\t\t\t\t<p class=\"elementor-icon-box-description\">\n\t\t\t\t\t\tImplementa estrategias de promoci\u00f3n dise\u00f1adas para atraer y retener estudiantes, con el respaldo de campa\u00f1as de marketing local y nacional.\t\t\t\t\t<\/p>\n\t\t\t\t\n\t\t\t<\/div>\n\t\t\t\n\t\t<\/div>\n\t\t\t\t\t\t<\/div>\n\t\t\t\t<\/div>\n\t\t\t\t<\/div>\n\t\t\t\t<\/div>\n\t\t\t\t\t<\/div>\n\t\t\t\t<\/div>\n\t\t<div class=\"elementor-element elementor-element-38808b0 e-flex e-con-boxed e-con e-parent\" data-id=\"38808b0\" data-element_type=\"container\" data-settings=\"{&quot;background_background&quot;:&quot;classic&quot;}\">\n\t\t\t\t\t<div class=\"e-con-inner\">\n\t\t\t\t<div class=\"elementor-element elementor-element-9408b05 elementor-widget elementor-widget-heading\" data-id=\"9408b05\" data-element_type=\"widget\" data-widget_type=\"heading.default\">\n\t\t\t\t<div class=\"elementor-widget-container\">\n\t\t\t\t\t<h2 class=\"elementor-heading-title elementor-size-default\"> \u00bfD\u00f3nde Nos Encontramos?\n<\/h2>\t\t\t\t<\/div>\n\t\t\t\t<\/div>\n\t\t\t\t<div class=\"elementor-element elementor-element-2de98b0 elementor-widget elementor-widget-text-editor\" data-id=\"2de98b0\" data-element_type=\"widget\" data-widget_type=\"text-editor.default\">\n\t\t\t\t<div class=\"elementor-widget-container\">\n\t\t\t\t\t\t\t\t\t<p>Estamos ubicados en un lugar estrat\u00e9gico para tu comodidad:<\/p><p>\ud83d\udccd Plaza Pradea Sur<br \/>Blvd. Capit\u00e1n Carlos Camacho Esp\u00edritu No. 7736<br \/>(junto a la BUAP).<\/p>\t\t\t\t\t\t\t\t<\/div>\n\t\t\t\t<\/div>\n\t\t\t\t<div class=\"elementor-element elementor-element-b63b3c1 elementor-widget elementor-widget-spacer\" data-id=\"b63b3c1\" data-element_type=\"widget\" data-widget_type=\"spacer.default\">\n\t\t\t\t<div class=\"elementor-widget-container\">\n\t\t\t\t\t\t\t<div class=\"elementor-spacer\">\n\t\t\t<div class=\"elementor-spacer-inner\"><\/div>\n\t\t<\/div>\n\t\t\t\t\t\t<\/div>\n\t\t\t\t<\/div>\n\t\t\t\t<div class=\"elementor-element elementor-element-c76496b elementor-widget elementor-widget-heading\" data-id=\"c76496b\" data-element_type=\"widget\" data-widget_type=\"heading.default\">\n\t\t\t\t<div class=\"elementor-widget-container\">\n\t\t\t\t\t<h2 class=\"elementor-heading-title elementor-size-default\"> \u00a1Cont\u00e1ctanos y Da el Primer Paso Hoy!\n<\/h2>\t\t\t\t<\/div>\n\t\t\t\t<\/div>\n\t\t\t\t<div class=\"elementor-element elementor-element-f362390 elementor-widget elementor-widget-text-editor\" data-id=\"f362390\" data-element_type=\"widget\" data-widget_type=\"text-editor.default\">\n\t\t\t\t<div class=\"elementor-widget-container\">\n\t\t\t\t\t\t\t\t\t<p>No esperes m\u00e1s para transformar tu vida. Escr\u00edbenos ahora y recibe toda la informaci\u00f3n que necesitas:<\/p>\t\t\t\t\t\t\t\t<\/div>\n\t\t\t\t<\/div>\n\t\t\t\t<div class=\"elementor-element elementor-element-999e555 elementor-widget elementor-widget-heading\" data-id=\"999e555\" data-element_type=\"widget\" data-widget_type=\"heading.default\">\n\t\t\t\t<div class=\"elementor-widget-container\">\n\t\t\t\t\t<h2 class=\"elementor-heading-title elementor-size-default\"><a href=\"https:\/\/wa.link\/ewpuu5\">222 459 7608<\/a><\/h2>\t\t\t\t<\/div>\n\t\t\t\t<\/div>\n\t\t\t\t\t<\/div>\n\t\t\t\t<\/div>\n\t\t\t\t<\/div>\n\t\t","protected":false},"excerpt":{"rendered":"<p>\u00danete a Upper English: S\u00e9 Due\u00f1o de Tu Propia Academia de Ingl\u00e9s \u00bfTe apasiona la educaci\u00f3n y el emprendimiento? Upper English te ofrece la oportunidad de abrir tu propia academia de ingl\u00e9s con un modelo de negocio probado y exitoso. \u00bfPor Qu\u00e9 Elegir Upper English? Metodolog\u00eda Innovadora: Nuestro enfoque combina escucha, observaci\u00f3n y repetici\u00f3n, facilitando [&hellip;]<\/p>\n","protected":false},"author":1,"featured_media":0,"parent":0,"menu_order":0,"comment_status":"closed","ping_status":"closed","template":"elementor_canvas","meta":{"_joinchat":[],"footnotes":""},"class_list":["post-140","page","type-page","status-publish","hentry"],"_links":{"self":[{"href":"https:\/\/upperenglish.com\/index.php?rest_route=\/wp\/v2\/pages\/140","targetHints":{"allow":["GET"]}}],"collection":[{"href":"https:\/\/upperenglish.com\/index.php?rest_route=\/wp\/v2\/pages"}],"about":[{"href":"https:\/\/upperenglish.com\/index.php?rest_route=\/wp\/v2\/types\/page"}],"author":[{"embeddable":true,"href":"https:\/\/upperenglish.com\/index.php?rest_route=\/wp\/v2\/users\/1"}],"replies":[{"embeddable":true,"href":"https:\/\/upperenglish.com\/index.php?rest_route=%2Fwp%2Fv2%2Fcomments&post=140"}],"version-history":[{"count":10,"href":"https:\/\/upperenglish.com\/index.php?rest_route=\/wp\/v2\/pages\/140\/revisions"}],"predecessor-version":[{"id":154,"href":"https:\/\/upperenglish.com\/index.php?rest_route=\/wp\/v2\/pages\/140\/revisions\/154"}],"wp:attachment":[{"href":"https:\/\/upperenglish.com\/index.php?rest_route=%2Fwp%2Fv2%2Fmedia&parent=140"}],"curies":[{"name":"wp","href":"https:\/\/api.w.org\/{rel}","templated":true}]}}